{"id":768,"date":"2024-08-23T03:24:04","date_gmt":"2024-08-23T03:24:04","guid":{"rendered":"https:\/\/constelacionesfamiliaresla.com\/site\/?page_id=768"},"modified":"2025-01-25T20:34:33","modified_gmt":"2025-01-25T20:34:33","slug":"organizacionales","status":"publish","type":"page","link":"https:\/\/constelacionesfamiliaresla.com\/site\/organizacionales\/","title":{"rendered":"Organizacionales"},"content":{"rendered":"\t\t<div data-elementor-type=\"wp-page\" data-elementor-id=\"768\" class=\"elementor elementor-768\" data-elementor-post-type=\"page\">\n\t\t\t\t\t\t<section class=\"elementor-section elementor-top-section elementor-element elementor-element-427a1d84 elementor-section-boxed elementor-section-height-default elementor-section-height-default\" data-id=\"427a1d84\" data-element_type=\"section\" data-e-type=\"section\">\n\t\t\t\t\t\t<div class=\"elementor-container elementor-column-gap-default\">\n\t\t\t\t\t<div class=\"aux-parallax-section elementor-column elementor-col-50 elementor-top-column elementor-element elementor-element-4badd99f\" data-id=\"4badd99f\" data-element_type=\"column\" data-e-type=\"column\">\n\t\t\t<div class=\"elementor-widget-wrap elementor-element-populated\">\n\t\t\t\t\t\t<div class=\"elementor-element elementor-element-5123dcb3 elementor-widget elementor-widget-heading\" data-id=\"5123dcb3\" data-element_type=\"widget\" data-e-type=\"widget\" data-widget_type=\"heading.default\">\n\t\t\t\t<div class=\"elementor-widget-container\">\n\t\t\t\t\t<h2 class=\"elementor-heading-title elementor-size-default\">Constelaciones Organizacionales<\/h2>\t\t\t\t<\/div>\n\t\t\t\t<\/div>\n\t\t\t\t<div class=\"elementor-element elementor-element-658dc75 elementor-widget elementor-widget-text-editor\" data-id=\"658dc75\" data-element_type=\"widget\" data-e-type=\"widget\" data-widget_type=\"text-editor.default\">\n\t\t\t\t<div class=\"elementor-widget-container\">\n\t\t\t\t\t\t\t\t\t<p><strong>La energ\u00eda de un sistema empresarial revelada y abierta al cambio<\/strong><\/p><p class=\"gp-component-id-Khg0UFHK0c\">Son una metodolog\u00eda que busca revelar puntos ciegos en un sistema organizacional. Como las Constelaciones Familiares de Bert Hellinger, siguen los fundamentos que rigen a los sistemas universales respecto a la pertenencia, el orden en las jerarqu\u00edas y el equilibrio entre el dar y el recibir, mostrando siempre cu\u00e1l es la mejor soluci\u00f3n.<\/p><p class=\"gp-component-id-bcgHJTJJU\">A trav\u00e9s de la representaci\u00f3n de la imagen interna de una situaci\u00f3n que sucede en un sistema de empresa, las Constelaciones Organizacionales mostrar\u00e1n las causas verdaderas que est\u00e1n funcionando en una organizaci\u00f3n o negocio para comprenderlas y corregirlas.<\/p>\t\t\t\t\t\t\t\t<\/div>\n\t\t\t\t<\/div>\n\t\t\t\t\t<\/div>\n\t\t<\/div>\n\t\t\t\t<div class=\"aux-parallax-section elementor-column elementor-col-50 elementor-top-column elementor-element elementor-element-376f6e08\" data-id=\"376f6e08\" data-element_type=\"column\" data-e-type=\"column\">\n\t\t\t<div class=\"elementor-widget-wrap elementor-element-populated\">\n\t\t\t\t\t\t<div class=\"elementor-element elementor-element-5d592d88 elementor-widget elementor-widget-image\" data-id=\"5d592d88\" data-element_type=\"widget\" data-e-type=\"widget\" data-widget_type=\"image.default\">\n\t\t\t\t<div class=\"elementor-widget-container\">\n\t\t\t\t\t\t\t\t\t\t\t\t\t\t\t<img fetchpriority=\"high\" decoding=\"async\" width=\"1024\" height=\"720\" src=\"https:\/\/constelacionesfamiliaresla.com\/site\/wp-content\/uploads\/2025\/01\/b920f79f-54a8-4d20-a8aa-9917acc5aa8c-1024x720.jpg\" class=\"attachment-large size-large wp-image-1177\" alt=\"\" \/>\t\t\t\t\t\t\t\t\t\t\t\t\t\t\t<\/div>\n\t\t\t\t<\/div>\n\t\t\t\t\t<\/div>\n\t\t<\/div>\n\t\t\t\t\t<\/div>\n\t\t<\/section>\n\t\t\t\t<section class=\"elementor-section elementor-top-section elementor-element elementor-element-4bf3601 elementor-section-boxed elementor-section-height-default elementor-section-height-default\" data-id=\"4bf3601\" data-element_type=\"section\" data-e-type=\"section\">\n\t\t\t\t\t\t<div class=\"elementor-container elementor-column-gap-default\">\n\t\t\t\t\t<div class=\"aux-parallax-section elementor-column elementor-col-33 elementor-top-column elementor-element elementor-element-51c727a\" data-id=\"51c727a\" data-element_type=\"column\" data-e-type=\"column\">\n\t\t\t<div class=\"elementor-widget-wrap\">\n\t\t\t\t\t\t\t<\/div>\n\t\t<\/div>\n\t\t\t\t<div class=\"aux-parallax-section elementor-column elementor-col-33 elementor-top-column elementor-element elementor-element-500587d\" data-id=\"500587d\" data-element_type=\"column\" data-e-type=\"column\">\n\t\t\t<div class=\"elementor-widget-wrap\">\n\t\t\t\t\t\t\t<\/div>\n\t\t<\/div>\n\t\t\t\t<div class=\"aux-parallax-section elementor-column elementor-col-33 elementor-top-column elementor-element elementor-element-8be83df\" data-id=\"8be83df\" data-element_type=\"column\" data-e-type=\"column\">\n\t\t\t<div class=\"elementor-widget-wrap\">\n\t\t\t\t\t\t\t<\/div>\n\t\t<\/div>\n\t\t\t\t\t<\/div>\n\t\t<\/section>\n\t\t\t\t<section class=\"elementor-section elementor-top-section elementor-element elementor-element-20aee702 elementor-section-boxed elementor-section-height-default elementor-section-height-default\" data-id=\"20aee702\" data-element_type=\"section\" data-e-type=\"section\">\n\t\t\t\t\t\t<div class=\"elementor-container elementor-column-gap-default\">\n\t\t\t\t\t<div class=\"aux-parallax-section elementor-column elementor-col-100 elementor-top-column elementor-element elementor-element-65f052dd\" data-id=\"65f052dd\" data-element_type=\"column\" data-e-type=\"column\">\n\t\t\t<div class=\"elementor-widget-wrap elementor-element-populated\">\n\t\t\t\t\t\t<div class=\"elementor-element elementor-element-3c27f83b elementor-widget elementor-widget-heading\" data-id=\"3c27f83b\" data-element_type=\"widget\" data-e-type=\"widget\" data-widget_type=\"heading.default\">\n\t\t\t\t<div class=\"elementor-widget-container\">\n\t\t\t\t\t<h2 class=\"elementor-heading-title elementor-size-default\">\u00bfQu\u00e9 podr\u00e1s trabajar en una Constelaci\u00f3n Organizacional?<\/h2>\t\t\t\t<\/div>\n\t\t\t\t<\/div>\n\t\t\t\t<div class=\"elementor-element elementor-element-749ac9c9 elementor-widget elementor-widget-text-editor\" data-id=\"749ac9c9\" data-element_type=\"widget\" data-e-type=\"widget\" data-widget_type=\"text-editor.default\">\n\t\t\t\t<div class=\"elementor-widget-container\">\n\t\t\t\t\t\t\t\t\t<p style=\"text-align: center;\">Estos son s\u00f3lo algunos ejemplos de lo que puedes transformar en un Taller de Constelaciones Familiares.\u00a0<\/p>\t\t\t\t\t\t\t\t<\/div>\n\t\t\t\t<\/div>\n\t\t\t\t\t<\/div>\n\t\t<\/div>\n\t\t\t\t\t<\/div>\n\t\t<\/section>\n\t\t\t\t<section class=\"elementor-section elementor-top-section elementor-element elementor-element-35f49783 elementor-section-boxed elementor-section-height-default elementor-section-height-default\" data-id=\"35f49783\" data-element_type=\"section\" data-e-type=\"section\">\n\t\t\t\t\t\t<div class=\"elementor-container elementor-column-gap-default\">\n\t\t\t\t\t<div class=\"aux-parallax-section elementor-column elementor-col-33 elementor-top-column elementor-element elementor-element-3cf52432\" data-id=\"3cf52432\" data-element_type=\"column\" data-e-type=\"column\">\n\t\t\t<div class=\"elementor-widget-wrap elementor-element-populated\">\n\t\t\t\t\t\t<div class=\"elementor-element elementor-element-7d70374b elementor-widget elementor-widget-text-editor\" data-id=\"7d70374b\" data-element_type=\"widget\" data-e-type=\"widget\" data-widget_type=\"text-editor.default\">\n\t\t\t\t<div class=\"elementor-widget-container\">\n\t\t\t\t\t\t\t\t\t<ul><li class=\"gp-component gp-component-id-pIjJEaHf0Z\" tabindex=\"0\" data-gp-dnd=\"\" data-gp-style=\"\" data-gp-component=\"list-icon\" data-gp-component-id=\"pIjJEaHf0Z\"><div class=\"gp-text-container gp-component gp-component-id-3FDJMx8QfX\" data-gp-style=\"\" data-gp-text=\"\" data-gp-component-id=\"3FDJMx8QfX\" data-gp-component=\"null\"><p class=\"gp-component-id-6B_u8W0tdz\">Productos o servicios que pueden dar mejor rendimiento<\/p><\/div><\/li><li class=\"gp-component gp-component-id-KbtPgf1FOQ\" tabindex=\"0\" data-gp-dnd=\"\" data-gp-style=\"\" data-gp-component=\"list-icon\" data-gp-component-id=\"KbtPgf1FOQ\"><div class=\"gp-text-container gp-component gp-component-id-nw0MatOXS\" data-gp-style=\"\" data-gp-text=\"\" data-gp-component-id=\"nw0MatOXS\" data-gp-component=\"null\"><p class=\"gp-component-id-HYhLW4TiAr\">Conveniencia de una sociedad<\/p><\/div><\/li><li class=\"gp-component gp-component-id-jyT_uj3Qv1\" tabindex=\"0\" data-gp-dnd=\"\" data-gp-style=\"\" data-gp-component=\"list-icon\" data-gp-component-id=\"jyT_uj3Qv1\"><div class=\"gp-text-container gp-component gp-component-id-5p7NDGB0BN\" data-gp-style=\"\" data-gp-text=\"\" data-gp-component-id=\"5p7NDGB0BN\" data-gp-component=\"null\"><p class=\"gp-component-id-Fro5I0jflA\">P\u00e9rdidas econ\u00f3micas<\/p><\/div><\/li><\/ul>\t\t\t\t\t\t\t\t<\/div>\n\t\t\t\t<\/div>\n\t\t\t\t\t<\/div>\n\t\t<\/div>\n\t\t\t\t<div class=\"aux-parallax-section elementor-column elementor-col-33 elementor-top-column elementor-element elementor-element-1d97770e\" data-id=\"1d97770e\" data-element_type=\"column\" data-e-type=\"column\">\n\t\t\t<div class=\"elementor-widget-wrap elementor-element-populated\">\n\t\t\t\t\t\t<div class=\"elementor-element elementor-element-75659c03 elementor-widget elementor-widget-text-editor\" data-id=\"75659c03\" data-element_type=\"widget\" data-e-type=\"widget\" data-widget_type=\"text-editor.default\">\n\t\t\t\t<div class=\"elementor-widget-container\">\n\t\t\t\t\t\t\t\t\t<ul><li class=\"gp-component gp-component-id-jYrDRWrLDA\" tabindex=\"0\" data-gp-dnd=\"\" data-gp-style=\"\" data-gp-component=\"list-icon\" data-gp-component-id=\"jYrDRWrLDA\"><div class=\"gp-text-container gp-component gp-component-id-zROiJy9lP0\" data-gp-style=\"\" data-gp-text=\"\" data-gp-component-id=\"zROiJy9lP0\" data-gp-component=\"null\"><p class=\"gp-component-id-lMOsBc2Scj\">Fusi\u00f3n de empresas<\/p><\/div><\/li><li class=\"gp-component gp-component-id-OV4I_KwBnD\" tabindex=\"0\" data-gp-dnd=\"\" data-gp-style=\"\" data-gp-component=\"list-icon\" data-gp-component-id=\"OV4I_KwBnD\"><div class=\"gp-text-container gp-component gp-component-id-fwX_kW9DwS\" data-gp-style=\"\" data-gp-text=\"\" data-gp-component-id=\"fwX_kW9DwS\" data-gp-component=\"null\"><p class=\"gp-component-id-Keqcb__VkJ\">Conflictos entre socios<\/p><\/div><\/li><li class=\"gp-component gp-component-id-q8AFyh2hPP\" tabindex=\"0\" data-gp-dnd=\"\" data-gp-style=\"\" data-gp-component=\"list-icon\" data-gp-component-id=\"q8AFyh2hPP\"><div class=\"gp-text-container gp-component gp-component-id-LWMwLoEs8\" data-gp-style=\"\" data-gp-text=\"\" data-gp-component-id=\"LWMwLoEs8\" data-gp-component=\"null\"><p class=\"gp-component-id-3duOGI7D7d\">Lealtades entre empleados y directivos<\/p><\/div><\/li><\/ul>\t\t\t\t\t\t\t\t<\/div>\n\t\t\t\t<\/div>\n\t\t\t\t\t<\/div>\n\t\t<\/div>\n\t\t\t\t<div class=\"aux-parallax-section elementor-column elementor-col-33 elementor-top-column elementor-element elementor-element-7e5bcf70\" data-id=\"7e5bcf70\" data-element_type=\"column\" data-e-type=\"column\">\n\t\t\t<div class=\"elementor-widget-wrap elementor-element-populated\">\n\t\t\t\t\t\t<div class=\"elementor-element elementor-element-4037abd0 elementor-widget elementor-widget-text-editor\" data-id=\"4037abd0\" data-element_type=\"widget\" data-e-type=\"widget\" data-widget_type=\"text-editor.default\">\n\t\t\t\t<div class=\"elementor-widget-container\">\n\t\t\t\t\t\t\t\t\t<ul><li class=\"gp-component gp-component-id-Q7HqkbkJb_\" tabindex=\"0\" data-gp-dnd=\"\" data-gp-style=\"\" data-gp-component=\"list-icon\" data-gp-component-id=\"Q7HqkbkJb_\"><div class=\"gp-text-container gp-component gp-component-id-ufE1LGdMPw\" data-gp-style=\"\" data-gp-text=\"\" data-gp-component-id=\"ufE1LGdMPw\" data-gp-component=\"null\"><p class=\"gp-component-id-cOXK7edoG0\">Dificultad en la integraci\u00f3n de dos negocios<\/p><\/div><\/li><li class=\"gp-component gp-component-id-0nJQFa_kGh\" tabindex=\"0\" data-gp-dnd=\"\" data-gp-style=\"\" data-gp-component=\"list-icon\" data-gp-component-id=\"0nJQFa_kGh\"><div class=\"gp-text-container gp-component gp-component-id-cpTflstpEE\" data-gp-style=\"\" data-gp-text=\"\" data-gp-component-id=\"cpTflstpEE\" data-gp-component=\"null\"><p class=\"gp-component-id-sqUSGK_10h\">Reemplazo de personal<\/p><\/div><\/li><\/ul>\t\t\t\t\t\t\t\t<\/div>\n\t\t\t\t<\/div>\n\t\t\t\t\t<\/div>\n\t\t<\/div>\n\t\t\t\t\t<\/div>\n\t\t<\/section>\n\t\t\t\t<section class=\"elementor-section elementor-top-section elementor-element elementor-element-46813451 elementor-section-stretched elementor-section-boxed elementor-section-height-default elementor-section-height-default\" data-id=\"46813451\" data-element_type=\"section\" data-e-type=\"section\" data-settings=\"{&quot;stretch_section&quot;:&quot;section-stretched&quot;,&quot;background_background&quot;:&quot;classic&quot;}\">\n\t\t\t\t\t\t<div class=\"elementor-container elementor-column-gap-default\">\n\t\t\t\t\t<div class=\"aux-parallax-section elementor-column elementor-col-100 elementor-top-column elementor-element elementor-element-8e9f280\" data-id=\"8e9f280\" data-element_type=\"column\" data-e-type=\"column\">\n\t\t\t<div class=\"elementor-widget-wrap elementor-element-populated\">\n\t\t\t\t\t\t<div class=\"elementor-element elementor-element-69d4b85b elementor-widget elementor-widget-heading\" data-id=\"69d4b85b\" data-element_type=\"widget\" data-e-type=\"widget\" data-widget_type=\"heading.default\">\n\t\t\t\t<div class=\"elementor-widget-container\">\n\t\t\t\t\t<h2 class=\"elementor-heading-title elementor-size-default\">\u00bfC\u00f3mo son las Constelaciones organizacionales?<\/h2>\t\t\t\t<\/div>\n\t\t\t\t<\/div>\n\t\t\t\t<section class=\"elementor-section elementor-inner-section elementor-element elementor-element-5006507a elementor-section-boxed elementor-section-height-default elementor-section-height-default\" data-id=\"5006507a\" data-element_type=\"section\" data-e-type=\"section\">\n\t\t\t\t\t\t<div class=\"elementor-container elementor-column-gap-default\">\n\t\t\t\t\t<div class=\"aux-parallax-section elementor-column elementor-col-50 elementor-inner-column elementor-element elementor-element-12f1c765\" data-id=\"12f1c765\" data-element_type=\"column\" data-e-type=\"column\">\n\t\t\t<div class=\"elementor-widget-wrap elementor-element-populated\">\n\t\t\t\t\t\t<div class=\"elementor-element elementor-element-2a748216 elementor-widget elementor-widget-heading\" data-id=\"2a748216\" data-element_type=\"widget\" data-e-type=\"widget\" data-widget_type=\"heading.default\">\n\t\t\t\t<div class=\"elementor-widget-container\">\n\t\t\t\t\t<h2 class=\"elementor-heading-title elementor-size-default\">Selecci\u00f3n y delimitaci\u00f3n del tema<\/h2>\t\t\t\t<\/div>\n\t\t\t\t<\/div>\n\t\t\t\t<div class=\"elementor-element elementor-element-23e65f5b elementor-widget elementor-widget-text-editor\" data-id=\"23e65f5b\" data-element_type=\"widget\" data-e-type=\"widget\" data-widget_type=\"text-editor.default\">\n\t\t\t\t<div class=\"elementor-widget-container\">\n\t\t\t\t\t\t\t\t\t<p>Elige el tema o situaci\u00f3n que quieres resolver. Juntos, delimitaremos los elementos importantes que representaremos en la Constelaci\u00f3n.<\/p>\t\t\t\t\t\t\t\t<\/div>\n\t\t\t\t<\/div>\n\t\t\t\t\t<\/div>\n\t\t<\/div>\n\t\t\t\t<div class=\"aux-parallax-section elementor-column elementor-col-50 elementor-inner-column elementor-element elementor-element-4f23c0f9\" data-id=\"4f23c0f9\" data-element_type=\"column\" data-e-type=\"column\">\n\t\t\t<div class=\"elementor-widget-wrap elementor-element-populated\">\n\t\t\t\t\t\t<div class=\"elementor-element elementor-element-94536c7 elementor-widget elementor-widget-heading\" data-id=\"94536c7\" data-element_type=\"widget\" data-e-type=\"widget\" data-widget_type=\"heading.default\">\n\t\t\t\t<div class=\"elementor-widget-container\">\n\t\t\t\t\t<h2 class=\"elementor-heading-title elementor-size-default\">Representantes<\/h2>\t\t\t\t<\/div>\n\t\t\t\t<\/div>\n\t\t\t\t<div class=\"elementor-element elementor-element-49f5b75a elementor-widget elementor-widget-text-editor\" data-id=\"49f5b75a\" data-element_type=\"widget\" data-e-type=\"widget\" data-widget_type=\"text-editor.default\">\n\t\t\t\t<div class=\"elementor-widget-container\">\n\t\t\t\t\t\t\t\t\t<p>Asignaremos roles a los participantes en la Constelaci\u00f3n. Ellos no tendr\u00e1n informaci\u00f3n acerca de la persona que representar\u00e1n y, a veces, tampoco de la situaci\u00f3n por resolver.<\/p>\t\t\t\t\t\t\t\t<\/div>\n\t\t\t\t<\/div>\n\t\t\t\t\t<\/div>\n\t\t<\/div>\n\t\t\t\t\t<\/div>\n\t\t<\/section>\n\t\t\t\t<section class=\"elementor-section elementor-inner-section elementor-element elementor-element-9782056 elementor-section-boxed elementor-section-height-default elementor-section-height-default\" data-id=\"9782056\" data-element_type=\"section\" data-e-type=\"section\">\n\t\t\t\t\t\t<div class=\"elementor-container elementor-column-gap-default\">\n\t\t\t\t\t<div class=\"aux-parallax-section elementor-column elementor-col-50 elementor-inner-column elementor-element elementor-element-88b4018\" data-id=\"88b4018\" data-element_type=\"column\" data-e-type=\"column\">\n\t\t\t<div class=\"elementor-widget-wrap elementor-element-populated\">\n\t\t\t\t\t\t<div class=\"elementor-element elementor-element-7766d196 elementor-widget elementor-widget-heading\" data-id=\"7766d196\" data-element_type=\"widget\" data-e-type=\"widget\" data-widget_type=\"heading.default\">\n\t\t\t\t<div class=\"elementor-widget-container\">\n\t\t\t\t\t<h2 class=\"elementor-heading-title elementor-size-default\">Observador<\/h2>\t\t\t\t<\/div>\n\t\t\t\t<\/div>\n\t\t\t\t<div class=\"elementor-element elementor-element-5c009432 elementor-widget elementor-widget-text-editor\" data-id=\"5c009432\" data-element_type=\"widget\" data-e-type=\"widget\" data-widget_type=\"text-editor.default\">\n\t\t\t\t<div class=\"elementor-widget-container\">\n\t\t\t\t\t\t\t\t\t<p>Te colocar\u00e1s fuera del campo para observar los movimientos que empezar\u00e1n a suceder.<\/p>\t\t\t\t\t\t\t\t<\/div>\n\t\t\t\t<\/div>\n\t\t\t\t\t<\/div>\n\t\t<\/div>\n\t\t\t\t<div class=\"aux-parallax-section elementor-column elementor-col-50 elementor-inner-column elementor-element elementor-element-512460b7\" data-id=\"512460b7\" data-element_type=\"column\" data-e-type=\"column\">\n\t\t\t<div class=\"elementor-widget-wrap elementor-element-populated\">\n\t\t\t\t\t\t<div class=\"elementor-element elementor-element-6a4cf9d7 elementor-widget elementor-widget-heading\" data-id=\"6a4cf9d7\" data-element_type=\"widget\" data-e-type=\"widget\" data-widget_type=\"heading.default\">\n\t\t\t\t<div class=\"elementor-widget-container\">\n\t\t\t\t\t<h2 class=\"elementor-heading-title elementor-size-default\">Movimientos en el sistema<\/h2>\t\t\t\t<\/div>\n\t\t\t\t<\/div>\n\t\t\t\t<div class=\"elementor-element elementor-element-6f786adc elementor-widget elementor-widget-text-editor\" data-id=\"6f786adc\" data-element_type=\"widget\" data-e-type=\"widget\" data-widget_type=\"text-editor.default\">\n\t\t\t\t<div class=\"elementor-widget-container\">\n\t\t\t\t\t\t\t\t\t<p>El facilitador le har\u00e1 preguntas a los representantes. Sus respuestas pueden consistir en cambiar de lugar, de posici\u00f3n, emociones, dolores, cambios de temperatura de su cuerpo y m\u00e1s.Asignaremos roles a los participantes en la Constelaci\u00f3n. Ellos no tendr\u00e1n informaci\u00f3n acerca de la persona que representar\u00e1n y, a veces, tampoco de la situaci\u00f3n por resolver.<\/p>\t\t\t\t\t\t\t\t<\/div>\n\t\t\t\t<\/div>\n\t\t\t\t\t<\/div>\n\t\t<\/div>\n\t\t\t\t\t<\/div>\n\t\t<\/section>\n\t\t\t\t<section class=\"elementor-section elementor-inner-section elementor-element elementor-element-3632b242 elementor-section-boxed elementor-section-height-default elementor-section-height-default\" data-id=\"3632b242\" data-element_type=\"section\" data-e-type=\"section\">\n\t\t\t\t\t\t<div class=\"elementor-container elementor-column-gap-default\">\n\t\t\t\t\t<div class=\"aux-parallax-section elementor-column elementor-col-50 elementor-inner-column elementor-element elementor-element-453c675f\" data-id=\"453c675f\" data-element_type=\"column\" data-e-type=\"column\">\n\t\t\t<div class=\"elementor-widget-wrap elementor-element-populated\">\n\t\t\t\t\t\t<div class=\"elementor-element elementor-element-5feb66c elementor-widget elementor-widget-heading\" data-id=\"5feb66c\" data-element_type=\"widget\" data-e-type=\"widget\" data-widget_type=\"heading.default\">\n\t\t\t\t<div class=\"elementor-widget-container\">\n\t\t\t\t\t<h2 class=\"elementor-heading-title elementor-size-default\">Diagn\u00f3stico<\/h2>\t\t\t\t<\/div>\n\t\t\t\t<\/div>\n\t\t\t\t<div class=\"elementor-element elementor-element-621c7c57 elementor-widget elementor-widget-text-editor\" data-id=\"621c7c57\" data-element_type=\"widget\" data-e-type=\"widget\" data-widget_type=\"text-editor.default\">\n\t\t\t\t<div class=\"elementor-widget-container\">\n\t\t\t\t\t\t\t\t\t<p>Con esta informaci\u00f3n, el facilitador interpretar\u00e1 y har\u00e1 un diagn\u00f3stico de los \u00f3rdenes alterados que observa en t\u00fa sistema.<\/p>\t\t\t\t\t\t\t\t<\/div>\n\t\t\t\t<\/div>\n\t\t\t\t\t<\/div>\n\t\t<\/div>\n\t\t\t\t<div class=\"aux-parallax-section elementor-column elementor-col-50 elementor-inner-column elementor-element elementor-element-3b79f4e5\" data-id=\"3b79f4e5\" data-element_type=\"column\" data-e-type=\"column\">\n\t\t\t<div class=\"elementor-widget-wrap elementor-element-populated\">\n\t\t\t\t\t\t<div class=\"elementor-element elementor-element-96de5eb elementor-widget elementor-widget-heading\" data-id=\"96de5eb\" data-element_type=\"widget\" data-e-type=\"widget\" data-widget_type=\"heading.default\">\n\t\t\t\t<div class=\"elementor-widget-container\">\n\t\t\t\t\t<h2 class=\"elementor-heading-title elementor-size-default\">Hacia la transformaci\u00f3n<\/h2>\t\t\t\t<\/div>\n\t\t\t\t<\/div>\n\t\t\t\t<div class=\"elementor-element elementor-element-3da26f12 elementor-widget elementor-widget-text-editor\" data-id=\"3da26f12\" data-element_type=\"widget\" data-e-type=\"widget\" data-widget_type=\"text-editor.default\">\n\t\t\t\t<div class=\"elementor-widget-container\">\n\t\t\t\t\t\t\t\t\t<p>Podr\u00e1s entonces participar represent\u00e1ndote a ti mismo. El facilitador se dirigir\u00e1 a algunos representantes con frases cortas de sanaci\u00f3n. Con ellas generar\u00e1 un nuevo movimiento y podremos identificar v\u00edas de resoluci\u00f3n.<\/p>\t\t\t\t\t\t\t\t<\/div>\n\t\t\t\t<\/div>\n\t\t\t\t\t<\/div>\n\t\t<\/div>\n\t\t\t\t\t<\/div>\n\t\t<\/section>\n\t\t\t\t\t<\/div>\n\t\t<\/div>\n\t\t\t\t\t<\/div>\n\t\t<\/section>\n\t\t\t\t<\/div>\n\t\t","protected":false},"excerpt":{"rendered":"<p>Constelaciones Organizacionales La energ\u00eda de un sistema empresarial revelada y abierta al cambio Son una metodolog\u00eda que busca revelar puntos ciegos en un sistema organizacional. Como las Constelaciones Familiares de Bert Hellinger, siguen los fundamentos que rigen a los sistemas universales respecto a la pertenencia, el orden en las jerarqu\u00edas y el equilibrio entre el [&hellip;]<\/p>\n","protected":false},"author":1,"featured_media":0,"parent":0,"menu_order":0,"comment_status":"closed","ping_status":"closed","template":"","meta":{"footnotes":""},"class_list":["post-768","page","type-page","status-publish","hentry"],"_links":{"self":[{"href":"https:\/\/constelacionesfamiliaresla.com\/site\/wp-json\/wp\/v2\/pages\/768","targetHints":{"allow":["GET"]}}],"collection":[{"href":"https:\/\/constelacionesfamiliaresla.com\/site\/wp-json\/wp\/v2\/pages"}],"about":[{"href":"https:\/\/constelacionesfamiliaresla.com\/site\/wp-json\/wp\/v2\/types\/page"}],"author":[{"embeddable":true,"href":"https:\/\/constelacionesfamiliaresla.com\/site\/wp-json\/wp\/v2\/users\/1"}],"replies":[{"embeddable":true,"href":"https:\/\/constelacionesfamiliaresla.com\/site\/wp-json\/wp\/v2\/comments?post=768"}],"version-history":[{"count":10,"href":"https:\/\/constelacionesfamiliaresla.com\/site\/wp-json\/wp\/v2\/pages\/768\/revisions"}],"predecessor-version":[{"id":1180,"href":"https:\/\/constelacionesfamiliaresla.com\/site\/wp-json\/wp\/v2\/pages\/768\/revisions\/1180"}],"wp:attachment":[{"href":"https:\/\/constelacionesfamiliaresla.com\/site\/wp-json\/wp\/v2\/media?parent=768"}],"curies":[{"name":"wp","href":"https:\/\/api.w.org\/{rel}","templated":true}]}}